{"id":29,"date":"2017-05-18T18:15:22","date_gmt":"2017-05-18T18:15:22","guid":{"rendered":"http:\/\/avencedora.com\/site\/?page_id=29"},"modified":"2019-02-04T14:02:07","modified_gmt":"2019-02-04T14:02:07","slug":"nossos-servicos","status":"publish","type":"page","link":"http:\/\/avencedora.com\/site\/nossos-servicos\/","title":{"rendered":"Nossos Servi\u00e7os"},"content":{"rendered":"<p>Nosso mapa de servi\u00e7os:<\/p>\n<p><img data-recalc-dims=\"1\" loading=\"lazy\" decoding=\"async\" data-attachment-id=\"30\" data-permalink=\"http:\/\/avencedora.com\/site\/nossos-servicos\/avencedora-placa-porta-1400x1200\/\" data-orig-file=\"https:\/\/i0.wp.com\/avencedora.com\/site\/wp-content\/uploads\/2017\/05\/AVencedora-placa-porta-1400x1200.jpg?fit=1191%2C1021\" data-orig-size=\"1191,1021\" data-comments-opened=\"1\" data-image-meta=\"{&quot;aperture&quot;:&quot;0&quot;,&quot;credit&quot;:&quot;&quot;,&quot;camera&quot;:&quot;&quot;,&quot;caption&quot;:&quot;&quot;,&quot;created_timestamp&quot;:&quot;0&quot;,&quot;copyright&quot;:&quot;&quot;,&quot;focal_length&quot;:&quot;0&quot;,&quot;iso&quot;:&quot;0&quot;,&quot;shutter_speed&quot;:&quot;0&quot;,&quot;title&quot;:&quot;&quot;,&quot;orientation&quot;:&quot;0&quot;}\" data-image-title=\"AVencedora-placa-porta-1400&amp;#215;1200\" data-image-description=\"\" data-image-caption=\"\" data-large-file=\"https:\/\/i0.wp.com\/avencedora.com\/site\/wp-content\/uploads\/2017\/05\/AVencedora-placa-porta-1400x1200.jpg?fit=840%2C720\" class=\"alignnone wp-image-30 size-full\" title=\"Conserto de fechadura e vidro el\u00e9trico de autom\u00f3veis no centro do Rio de Janeiro\" src=\"https:\/\/i0.wp.com\/avencedora.com\/site\/wp-content\/uploads\/2017\/05\/AVencedora-placa-porta-1400x1200.jpg?resize=840%2C720\" alt=\"\" width=\"840\" height=\"720\" srcset=\"https:\/\/i0.wp.com\/avencedora.com\/site\/wp-content\/uploads\/2017\/05\/AVencedora-placa-porta-1400x1200.jpg?w=1191 1191w, https:\/\/i0.wp.com\/avencedora.com\/site\/wp-content\/uploads\/2017\/05\/AVencedora-placa-porta-1400x1200.jpg?resize=300%2C257 300w, https:\/\/i0.wp.com\/avencedora.com\/site\/wp-content\/uploads\/2017\/05\/AVencedora-placa-porta-1400x1200.jpg?resize=768%2C658 768w, https:\/\/i0.wp.com\/avencedora.com\/site\/wp-content\/uploads\/2017\/05\/AVencedora-placa-porta-1400x1200.jpg?resize=1024%2C878 1024w\" sizes=\"auto, (max-width: 709px) 85vw, (max-width: 909px) 67vw, (max-width: 1362px) 62vw, 840px\" \/><\/p>\n<p>Especializada em consertos de fechaduras, ma\u00e7anetas, cilindros, vidros el\u00e9tricos e manuais. Para-brisas e vidros de porta.<\/p>\n<p>Temos fechaduras e cilindros. Com chaves originais de autom\u00f3veis antigos, vidros antigos, ma\u00e7anetas com chaves.<\/p>\n<p>Autom\u00f3veis nacionais e importados.<\/p>\n","protected":false},"excerpt":{"rendered":"<p>Nosso mapa de servi\u00e7os: Especializada em consertos de fechaduras, ma\u00e7anetas, cilindros, vidros el\u00e9tricos e manuais. Para-brisas e vidros de porta. Temos fechaduras e cilindros. Com chaves originais de autom\u00f3veis antigos, vidros antigos, ma\u00e7anetas com chaves. Autom\u00f3veis nacionais e importados.<\/p>\n","protected":false},"author":1,"featured_media":0,"parent":0,"menu_order":0,"comment_status":"closed","ping_status":"closed","template":"","meta":{"jetpack_post_was_ever_published":false,"footnotes":""},"class_list":["post-29","page","type-page","status-publish","hentry"],"jetpack_sharing_enabled":true,"jetpack_shortlink":"https:\/\/wp.me\/P7jcos-t","jetpack-related-posts":[],"_links":{"self":[{"href":"http:\/\/avencedora.com\/site\/wp-json\/wp\/v2\/pages\/29","targetHints":{"allow":["GET"]}}],"collection":[{"href":"http:\/\/avencedora.com\/site\/wp-json\/wp\/v2\/pages"}],"about":[{"href":"http:\/\/avencedora.com\/site\/wp-json\/wp\/v2\/types\/page"}],"author":[{"embeddable":true,"href":"http:\/\/avencedora.com\/site\/wp-json\/wp\/v2\/users\/1"}],"replies":[{"embeddable":true,"href":"http:\/\/avencedora.com\/site\/wp-json\/wp\/v2\/comments?post=29"}],"version-history":[{"count":4,"href":"http:\/\/avencedora.com\/site\/wp-json\/wp\/v2\/pages\/29\/revisions"}],"predecessor-version":[{"id":702,"href":"http:\/\/avencedora.com\/site\/wp-json\/wp\/v2\/pages\/29\/revisions\/702"}],"wp:attachment":[{"href":"http:\/\/avencedora.com\/site\/wp-json\/wp\/v2\/media?parent=29"}],"curies":[{"name":"wp","href":"https:\/\/api.w.org\/{rel}","templated":true}]}}