{"id":2,"date":"2016-03-06T13:44:32","date_gmt":"2016-03-06T13:44:32","guid":{"rendered":"http:\/\/avencedora.com\/site\/?page_id=2"},"modified":"2016-03-11T20:37:13","modified_gmt":"2016-03-11T20:37:13","slug":"sample-page","status":"publish","type":"page","link":"http:\/\/avencedora.com\/site\/","title":{"rendered":""},"content":{"rendered":"<p><strong>A\u00a0Vencedora &#8211; Especializada em conserto de autom\u00f3veis<\/strong><br \/>\nEstabelecida em 1949 pr\u00f3ximo a Cruz Vermelha\u00a0no Centro do Rio de Janeiro.<\/p>\n<p><strong>Nossos Servi\u00e7os<\/strong><br \/>\nEspecializada em consertos de fechaduras, ma\u00e7anetas, cilindros, vidros el\u00e9tricos e manuais. Para-brisas e vidros de porta. Autom\u00f3veis nacionais e importados.<br \/>\nTemos fechaduras e cilindros. Com chaves originais de autom\u00f3veis antigos, vidros antigos, ma\u00e7anetas com chaves.<\/p>\n<p><strong>Nosso endere\u00e7o<\/strong><br \/>\n<span class=\"_Xbe\">Rua Tenente Possolo, 43 &#8211; Centro, Rio de Janeiro &#8211; RJ, 20230-160, Brazil<\/span><\/p>\n","protected":false},"excerpt":{"rendered":"<p>A\u00a0Vencedora &#8211; Especializada em conserto de autom\u00f3veis Estabelecida em 1949 pr\u00f3ximo a Cruz Vermelha\u00a0no Centro do Rio de Janeiro. Nossos Servi\u00e7os Especializada em consertos de fechaduras, ma\u00e7anetas, cilindros, vidros el\u00e9tricos e manuais. Para-brisas e vidros de porta. Autom\u00f3veis nacionais e importados. Temos fechaduras e cilindros. Com chaves originais de autom\u00f3veis antigos, vidros antigos, ma\u00e7anetas com &hellip; <a href=\"http:\/\/avencedora.com\/site\/\" class=\"more-link\">Continue lendo<span class=\"screen-reader-text\"> &#8220;&#8221;<\/span><\/a><\/p>\n","protected":false},"author":1,"featured_media":0,"parent":0,"menu_order":0,"comment_status":"closed","ping_status":"open","template":"","meta":{"jetpack_post_was_ever_published":false,"footnotes":""},"class_list":["post-2","page","type-page","status-publish","hentry"],"jetpack_sharing_enabled":true,"jetpack_shortlink":"https:\/\/wp.me\/P7jcos-2","jetpack-related-posts":[],"_links":{"self":[{"href":"http:\/\/avencedora.com\/site\/wp-json\/wp\/v2\/pages\/2","targetHints":{"allow":["GET"]}}],"collection":[{"href":"http:\/\/avencedora.com\/site\/wp-json\/wp\/v2\/pages"}],"about":[{"href":"http:\/\/avencedora.com\/site\/wp-json\/wp\/v2\/types\/page"}],"author":[{"embeddable":true,"href":"http:\/\/avencedora.com\/site\/wp-json\/wp\/v2\/users\/1"}],"replies":[{"embeddable":true,"href":"http:\/\/avencedora.com\/site\/wp-json\/wp\/v2\/comments?post=2"}],"version-history":[{"count":11,"href":"http:\/\/avencedora.com\/site\/wp-json\/wp\/v2\/pages\/2\/revisions"}],"predecessor-version":[{"id":26,"href":"http:\/\/avencedora.com\/site\/wp-json\/wp\/v2\/pages\/2\/revisions\/26"}],"wp:attachment":[{"href":"http:\/\/avencedora.com\/site\/wp-json\/wp\/v2\/media?parent=2"}],"curies":[{"name":"wp","href":"https:\/\/api.w.org\/{rel}","templated":true}]}}